{"id":58812,"date":"2024-10-08T19:03:34","date_gmt":"2024-10-08T19:03:34","guid":{"rendered":"https:\/\/grupo-sacmag.com.mx\/en\/?page_id=58812"},"modified":"2025-01-11T13:14:28","modified_gmt":"2025-01-11T13:14:28","slug":"materials-quality-laboratory","status":"publish","type":"page","link":"https:\/\/grupo-sacmag.com.mx\/en\/materials-quality-laboratory\/","title":{"rendered":"Construction Materials Testing Laboratory"},"content":{"rendered":"<div class=\"wpb-content-wrapper\"><p>[vc_row css=&#8221;.vc_custom_1728412086073{padding-bottom: 40px !important;}&#8221;][vc_column]<div id=\"ultimate-heading-534269e4e9af65a4a\" class=\"uvc-heading ult-adjust-bottom-margin ultimate-heading-534269e4e9af65a4a uvc-7392  uvc-heading-default-font-sizes\" data-hspacer=\"no_spacer\"  data-halign=\"left\" style=\"text-align:left\"><div class=\"uvc-heading-spacer no_spacer\" style=\"top\"><\/div><div class=\"uvc-main-heading ult-responsive\"  data-ultimate-target='.uvc-heading.ultimate-heading-534269e4e9af65a4a h2'  data-responsive-json-new='{\"font-size\":\"\",\"line-height\":\"\"}' ><h2 style=\"font-weight:bold;margin-top:0px;margin-bottom:30px;\">Construction Materials Testing Laboratory<\/h2><\/div><div class=\"uvc-sub-heading ult-responsive\"  data-ultimate-target='.uvc-heading.ultimate-heading-534269e4e9af65a4a .uvc-sub-heading '  data-responsive-json-new='{\"font-size\":\"\",\"line-height\":\"\"}'  style=\"font-weight:normal;margin-bottom:50px;\"><span style=\"color: #007dbf;\"><strong>GRUPO SACMAG<\/strong><\/span> offers Construction Materials Testing Laboratory (CMT) services. We own a central laboratory located in Mexico City, equipped with the newest technology, as well as the capacity to set up on-site laboratories anywhere in the Mexican Republic.<\/div><\/div><div id=\"ultimate-heading-500869e4e9af65a80\" class=\"uvc-heading ult-adjust-bottom-margin ultimate-heading-500869e4e9af65a80 uvc-651  uvc-heading-default-font-sizes\" data-hspacer=\"no_spacer\"  data-halign=\"left\" style=\"text-align:left\"><div class=\"uvc-heading-spacer no_spacer\" style=\"top\"><\/div><div class=\"uvc-main-heading ult-responsive\"  data-ultimate-target='.uvc-heading.ultimate-heading-500869e4e9af65a80 h3'  data-responsive-json-new='{\"font-size\":\"\",\"line-height\":\"\"}' ><h3 style=\"font-weight:bold;margin-top:0px;margin-bottom:30px;\">Quality control and verification services are offered for the following areas:<\/h3><\/div><\/div><div class=\"standard-arrow bullet-top\"><ul>\n<li>Hydraulic concrete<\/li>\n<li>Earthworks<\/li>\n<li>Pavements<\/li>\n<li>Reinforcing steel<\/li>\n<li>Structural steel<\/li>\n<li>Welds<\/li>\n<\/ul>\n<\/div>[\/vc_column][\/vc_row][vc_row css=&#8221;.vc_custom_1728411984405{padding-bottom: 30px !important;}&#8221;][vc_column]<div id=\"ultimate-heading-543269e4e9af65b02\" class=\"uvc-heading ult-adjust-bottom-margin ultimate-heading-543269e4e9af65b02 uvc-1209  uvc-heading-default-font-sizes\" data-hspacer=\"no_spacer\"  data-halign=\"left\" style=\"text-align:left\"><div class=\"uvc-heading-spacer no_spacer\" style=\"top\"><\/div><div class=\"uvc-main-heading ult-responsive\"  data-ultimate-target='.uvc-heading.ultimate-heading-543269e4e9af65b02 h3'  data-responsive-json-new='{\"font-size\":\"\",\"line-height\":\"\"}' ><h3 style=\"font-weight:bold;margin-top:0px;margin-bottom:30px;\">Our equipment and technical capacity also allow us to solve requirements in the following specialties:<\/h3><\/div><\/div>[vc_row_inner][vc_column_inner width=&#8221;1\/2&#8243;]<div class=\"standard-arrow bullet-top\"><ul>\n<li>Sclerometer<\/li>\n<li>Static modulus of elasticity<\/li>\n<li>Ultrasonic Pulse Velocity Test (UPV) on concrete<\/li>\n<li>Material Strength<\/li>\n<li>Nuclear Density Gauge (NDG)<\/li>\n<li>Bentonite testing<\/li>\n<li>Plate load testing<\/li>\n<li>Asphalt Mix Performance Test (AMPT)<\/li>\n<li>Core Cutter Method<\/li>\n<li>Prestressed Concrete Strand Testing<\/li>\n<li>Connectors, service entrance cap (Connections)<\/li>\n<li>Steel plates<\/li>\n<\/ul>\n<\/div>[\/vc_column_inner][vc_column_inner width=&#8221;1\/2&#8243;]<div class=\"standard-arrow bullet-top\"><ul>\n<li>Visual inspection<\/li>\n<li>Welding procedure qualification<\/li>\n<li>Welder skill rating<\/li>\n<li>Radiography Testing (RT)<\/li>\n<li>Liquid Penetrant Testing (PT)<\/li>\n<li>Ultrasonic Testing (UT)<\/li>\n<li>Ultrasonic Testing of rails<\/li>\n<li>Steel thickness gauge<\/li>\n<li>Thickness and adhesion in anticorrosive coatings<\/li>\n<li>Torsion testing<\/li>\n<li>Magnetic Particle Testing<\/li>\n<li>Fire resistance<\/li>\n<\/ul>\n<\/div>[\/vc_column_inner][\/vc_row_inner][\/vc_column][\/vc_row][vc_row disable_element=&#8221;yes&#8221;][vc_column]<div id=\"ultimate-heading-271769e4e9af65b9b\" class=\"uvc-heading ult-adjust-bottom-margin ultimate-heading-271769e4e9af65b9b uvc-7136  uvc-heading-default-font-sizes\" data-hspacer=\"no_spacer\"  data-halign=\"left\" style=\"text-align:left\"><div class=\"uvc-heading-spacer no_spacer\" style=\"top\"><\/div><div class=\"uvc-sub-heading ult-responsive\"  data-ultimate-target='.uvc-heading.ultimate-heading-271769e4e9af65b9b .uvc-sub-heading '  data-responsive-json-new='{\"font-size\":\"\",\"line-height\":\"\"}'  style=\"font-weight:normal;\">GRUPO SACMAG cuenta con un \u00e1rea de dise\u00f1o BIM que se encarga de implementar las mejores herramientas para el modelaje en 3D y su integraci\u00f3n con el presupuesto y programa del proyecto.<\/p>\n<p>GRUPO SACMAG cuenta con un departamento de dise\u00f1o LEED con objeto de buscar la\u00a0sustentabilidaden todos los proyectos, ya sea para perseguir una certificaci\u00f3n o simplemente para aplicar principios que busquen una mejor integraci\u00f3n con el medio ambiente y minimizar los costos para la operaci\u00f3n de un proyecto.<\/div><\/div>[\/vc_column][\/vc_row]<\/p>\n<\/div>","protected":false},"excerpt":{"rendered":"<p>[vc_row css=&#8221;.vc_custom_1728412086073{padding-bottom: 40px !important;}&#8221;][vc_column][\/vc_column][\/vc_row][vc_row css=&#8221;.vc_custom_1728411984405{padding-bottom: 30px !important;}&#8221;][vc_column][vc_row_inner][vc_column_inner width=&#8221;1\/2&#8243;][\/vc_column_inner][vc_column_inner width=&#8221;1\/2&#8243;][\/vc_column_inner][\/vc_row_inner][\/vc_column][\/vc_row][vc_row disable_element=&#8221;yes&#8221;][vc_column][\/vc_column][\/vc_row]<\/p>\n","protected":false},"author":1,"featured_media":0,"parent":0,"menu_order":0,"comment_status":"closed","ping_status":"closed","template":"","meta":{"footnotes":""},"class_list":["post-58812","page","type-page","status-publish","hentry","description-off"],"yoast_head":"<!-- This site is optimized with the Yoast SEO plugin v24.4 - https:\/\/yoast.com\/wordpress\/plugins\/seo\/ -->\n<title>Construction Materials Testing Laboratory - Grupo Sacmag<\/title>\n<meta name=\"robots\" content=\"index, follow, max-snippet:-1, max-image-preview:large, max-video-preview:-1\" \/>\n<link rel=\"canonical\" href=\"https:\/\/grupo-sacmag.com.mx\/en\/materials-quality-laboratory\/\" \/>\n<meta property=\"og:locale\" content=\"en_US\" \/>\n<meta property=\"og:type\" content=\"article\" \/>\n<meta property=\"og:title\" content=\"Construction Materials Testing Laboratory - Grupo Sacmag\" \/>\n<meta property=\"og:description\" content=\"[vc_row css=&#8221;.vc_custom_1728412086073{padding-bottom: 40px !important;}&#8221;][vc_column][\/vc_column][\/vc_row][vc_row css=&#8221;.vc_custom_1728411984405{padding-bottom: 30px !important;}&#8221;][vc_column][vc_row_inner][vc_column_inner width=&#8221;1\/2&#8243;][\/vc_column_inner][vc_column_inner width=&#8221;1\/2&#8243;][\/vc_column_inner][\/vc_row_inner][\/vc_column][\/vc_row][vc_row disable_element=&#8221;yes&#8221;][vc_column][\/vc_column][\/vc_row]\" \/>\n<meta property=\"og:url\" content=\"https:\/\/grupo-sacmag.com.mx\/en\/materials-quality-laboratory\/\" \/>\n<meta property=\"og:site_name\" content=\"Grupo Sacmag\" \/>\n<meta property=\"article:modified_time\" content=\"2025-01-11T13:14:28+00:00\" \/>\n<meta name=\"twitter:card\" content=\"summary_large_image\" \/>\n<meta name=\"twitter:label1\" content=\"Est. reading time\" \/>\n\t<meta name=\"twitter:data1\" content=\"2 minutes\" \/>\n<script type=\"application\/ld+json\" class=\"yoast-schema-graph\">{\"@context\":\"https:\/\/schema.org\",\"@graph\":[{\"@type\":\"WebPage\",\"@id\":\"https:\/\/grupo-sacmag.com.mx\/en\/materials-quality-laboratory\/\",\"url\":\"https:\/\/grupo-sacmag.com.mx\/en\/materials-quality-laboratory\/\",\"name\":\"Construction Materials Testing Laboratory - Grupo Sacmag\",\"isPartOf\":{\"@id\":\"http:\/\/grupo-sacmag.com.mx\/en\/#website\"},\"datePublished\":\"2024-10-08T19:03:34+00:00\",\"dateModified\":\"2025-01-11T13:14:28+00:00\",\"breadcrumb\":{\"@id\":\"https:\/\/grupo-sacmag.com.mx\/en\/materials-quality-laboratory\/#breadcrumb\"},\"inLanguage\":\"en-US\",\"potentialAction\":[{\"@type\":\"ReadAction\",\"target\":[\"https:\/\/grupo-sacmag.com.mx\/en\/materials-quality-laboratory\/\"]}]},{\"@type\":\"BreadcrumbList\",\"@id\":\"https:\/\/grupo-sacmag.com.mx\/en\/materials-quality-laboratory\/#breadcrumb\",\"itemListElement\":[{\"@type\":\"ListItem\",\"position\":1,\"name\":\"Home\",\"item\":\"http:\/\/grupo-sacmag.com.mx\/en\/\"},{\"@type\":\"ListItem\",\"position\":2,\"name\":\"Construction Materials Testing Laboratory\"}]},{\"@type\":\"WebSite\",\"@id\":\"http:\/\/grupo-sacmag.com.mx\/en\/#website\",\"url\":\"http:\/\/grupo-sacmag.com.mx\/en\/\",\"name\":\"Grupo Sacmag\",\"description\":\"\",\"potentialAction\":[{\"@type\":\"SearchAction\",\"target\":{\"@type\":\"EntryPoint\",\"urlTemplate\":\"http:\/\/grupo-sacmag.com.mx\/en\/?s={search_term_string}\"},\"query-input\":{\"@type\":\"PropertyValueSpecification\",\"valueRequired\":true,\"valueName\":\"search_term_string\"}}],\"inLanguage\":\"en-US\"}]}<\/script>\n<!-- \/ Yoast SEO plugin. -->","yoast_head_json":{"title":"Construction Materials Testing Laboratory - Grupo Sacmag","robots":{"index":"index","follow":"follow","max-snippet":"max-snippet:-1","max-image-preview":"max-image-preview:large","max-video-preview":"max-video-preview:-1"},"canonical":"https:\/\/grupo-sacmag.com.mx\/en\/materials-quality-laboratory\/","og_locale":"en_US","og_type":"article","og_title":"Construction Materials Testing Laboratory - Grupo Sacmag","og_description":"[vc_row css=&#8221;.vc_custom_1728412086073{padding-bottom: 40px !important;}&#8221;][vc_column][\/vc_column][\/vc_row][vc_row css=&#8221;.vc_custom_1728411984405{padding-bottom: 30px !important;}&#8221;][vc_column][vc_row_inner][vc_column_inner width=&#8221;1\/2&#8243;][\/vc_column_inner][vc_column_inner width=&#8221;1\/2&#8243;][\/vc_column_inner][\/vc_row_inner][\/vc_column][\/vc_row][vc_row disable_element=&#8221;yes&#8221;][vc_column][\/vc_column][\/vc_row]","og_url":"https:\/\/grupo-sacmag.com.mx\/en\/materials-quality-laboratory\/","og_site_name":"Grupo Sacmag","article_modified_time":"2025-01-11T13:14:28+00:00","twitter_card":"summary_large_image","twitter_misc":{"Est. reading time":"2 minutes"},"schema":{"@context":"https:\/\/schema.org","@graph":[{"@type":"WebPage","@id":"https:\/\/grupo-sacmag.com.mx\/en\/materials-quality-laboratory\/","url":"https:\/\/grupo-sacmag.com.mx\/en\/materials-quality-laboratory\/","name":"Construction Materials Testing Laboratory - Grupo Sacmag","isPartOf":{"@id":"http:\/\/grupo-sacmag.com.mx\/en\/#website"},"datePublished":"2024-10-08T19:03:34+00:00","dateModified":"2025-01-11T13:14:28+00:00","breadcrumb":{"@id":"https:\/\/grupo-sacmag.com.mx\/en\/materials-quality-laboratory\/#breadcrumb"},"inLanguage":"en-US","potentialAction":[{"@type":"ReadAction","target":["https:\/\/grupo-sacmag.com.mx\/en\/materials-quality-laboratory\/"]}]},{"@type":"BreadcrumbList","@id":"https:\/\/grupo-sacmag.com.mx\/en\/materials-quality-laboratory\/#breadcrumb","itemListElement":[{"@type":"ListItem","position":1,"name":"Home","item":"http:\/\/grupo-sacmag.com.mx\/en\/"},{"@type":"ListItem","position":2,"name":"Construction Materials Testing Laboratory"}]},{"@type":"WebSite","@id":"http:\/\/grupo-sacmag.com.mx\/en\/#website","url":"http:\/\/grupo-sacmag.com.mx\/en\/","name":"Grupo Sacmag","description":"","potentialAction":[{"@type":"SearchAction","target":{"@type":"EntryPoint","urlTemplate":"http:\/\/grupo-sacmag.com.mx\/en\/?s={search_term_string}"},"query-input":{"@type":"PropertyValueSpecification","valueRequired":true,"valueName":"search_term_string"}}],"inLanguage":"en-US"}]}},"_links":{"self":[{"href":"https:\/\/grupo-sacmag.com.mx\/en\/wp-json\/wp\/v2\/pages\/58812","targetHints":{"allow":["GET"]}}],"collection":[{"href":"https:\/\/grupo-sacmag.com.mx\/en\/wp-json\/wp\/v2\/pages"}],"about":[{"href":"https:\/\/grupo-sacmag.com.mx\/en\/wp-json\/wp\/v2\/types\/page"}],"author":[{"embeddable":true,"href":"https:\/\/grupo-sacmag.com.mx\/en\/wp-json\/wp\/v2\/users\/1"}],"replies":[{"embeddable":true,"href":"https:\/\/grupo-sacmag.com.mx\/en\/wp-json\/wp\/v2\/comments?post=58812"}],"version-history":[{"count":24,"href":"https:\/\/grupo-sacmag.com.mx\/en\/wp-json\/wp\/v2\/pages\/58812\/revisions"}],"predecessor-version":[{"id":59545,"href":"https:\/\/grupo-sacmag.com.mx\/en\/wp-json\/wp\/v2\/pages\/58812\/revisions\/59545"}],"wp:attachment":[{"href":"https:\/\/grupo-sacmag.com.mx\/en\/wp-json\/wp\/v2\/media?parent=58812"}],"curies":[{"name":"wp","href":"https:\/\/api.w.org\/{rel}","templated":true}]}}